{"id":4,"date":"2021-10-09T09:00:23","date_gmt":"2021-10-09T09:00:23","guid":{"rendered":"https:\/\/garten-am-ebenberg.de\/?page_id=4"},"modified":"2023-08-19T08:57:29","modified_gmt":"2023-08-19T08:57:29","slug":"willkommen-auf-https-garten-am-ebenberg-de","status":"publish","type":"page","link":"https:\/\/garten-am-ebenberg.de\/","title":{"rendered":"Will&shy;kommen in den Klein&shy;g\u00e4rten am Eben&shy;berg!"},"content":{"rendered":"\n<p>Sch\u00f6n, dass Ihr uns gefunden habt! Unsere Gartenanlage wurde 2012 im Zuge der Landesgartenschau angelegt. <\/p>\n\n\n\n<p>Sie befindet sich auf dem Gel\u00e4nde der ehemaligen Gartenschau, am Rande der S\u00fcdstadt, nahe dem Naturschutzgebiet am Ebenberg.<\/p>\n\n\n\n<p>Wir sind Landessieger (2017) und Bundessieger (2018) in Gold &#8211; ein Spaziergang durch unsere Anlage lohnt sich also immer! Kommt gerne vorbei, wenn die Tore offen stehen, erkundet unsere Anlage und schaut an unserem Marktstand vorbei.<\/p>\n\n\n\n<figure class=\"wp-block-gallery has-nested-images columns-4 is-cropped wp-block-gallery-1 is-layout-flex wp-block-gallery-is-layout-flex\">\n<figure class=\"wp-block-image size-full\"><img loading=\"lazy\" decoding=\"async\" width=\"2560\" height=\"1920\" data-id=\"23\" src=\"https:\/\/garten-am-ebenberg.de\/wp-content\/uploads\/2021\/10\/IMG_2171-scaled.jpg\" alt=\"\" class=\"wp-image-23\" srcset=\"https:\/\/garten-am-ebenberg.de\/wp-content\/uploads\/2021\/10\/IMG_2171-scaled.jpg 2560w, https:\/\/garten-am-ebenberg.de\/wp-content\/uploads\/2021\/10\/IMG_2171-300x225.jpg 300w, https:\/\/garten-am-ebenberg.de\/wp-content\/uploads\/2021\/10\/IMG_2171-1024x768.jpg 1024w, https:\/\/garten-am-ebenberg.de\/wp-content\/uploads\/2021\/10\/IMG_2171-768x576.jpg 768w, https:\/\/garten-am-ebenberg.de\/wp-content\/uploads\/2021\/10\/IMG_2171-1536x1152.jpg 1536w, https:\/\/garten-am-ebenberg.de\/wp-content\/uploads\/2021\/10\/IMG_2171-2048x1536.jpg 2048w\" sizes=\"auto, (max-width: 2560px) 100vw, 2560px\" \/><\/figure>\n\n\n\n<figure class=\"wp-block-image size-full\"><img loading=\"lazy\" decoding=\"async\" width=\"886\" height=\"886\" data-id=\"22\" src=\"https:\/\/garten-am-ebenberg.de\/wp-content\/uploads\/2021\/10\/AB380673-A0C0-442B-B2A3-89EA347E2651_1_105_c.jpeg\" alt=\"\" class=\"wp-image-22\" srcset=\"https:\/\/garten-am-ebenberg.de\/wp-content\/uploads\/2021\/10\/AB380673-A0C0-442B-B2A3-89EA347E2651_1_105_c.jpeg 886w, https:\/\/garten-am-ebenberg.de\/wp-content\/uploads\/2021\/10\/AB380673-A0C0-442B-B2A3-89EA347E2651_1_105_c-300x300.jpeg 300w, https:\/\/garten-am-ebenberg.de\/wp-content\/uploads\/2021\/10\/AB380673-A0C0-442B-B2A3-89EA347E2651_1_105_c-150x150.jpeg 150w, https:\/\/garten-am-ebenberg.de\/wp-content\/uploads\/2021\/10\/AB380673-A0C0-442B-B2A3-89EA347E2651_1_105_c-768x768.jpeg 768w\" sizes=\"auto, (max-width: 886px) 100vw, 886px\" \/><\/figure>\n\n\n\n<figure class=\"wp-block-image size-full\"><img loading=\"lazy\" decoding=\"async\" width=\"781\" height=\"781\" data-id=\"21\" src=\"https:\/\/garten-am-ebenberg.de\/wp-content\/uploads\/2021\/10\/371E2A17-D677-4EE2-A299-EA497AD05C98_1_201_a.jpeg\" alt=\"\" class=\"wp-image-21\" srcset=\"https:\/\/garten-am-ebenberg.de\/wp-content\/uploads\/2021\/10\/371E2A17-D677-4EE2-A299-EA497AD05C98_1_201_a.jpeg 781w, https:\/\/garten-am-ebenberg.de\/wp-content\/uploads\/2021\/10\/371E2A17-D677-4EE2-A299-EA497AD05C98_1_201_a-300x300.jpeg 300w, https:\/\/garten-am-ebenberg.de\/wp-content\/uploads\/2021\/10\/371E2A17-D677-4EE2-A299-EA497AD05C98_1_201_a-150x150.jpeg 150w, https:\/\/garten-am-ebenberg.de\/wp-content\/uploads\/2021\/10\/371E2A17-D677-4EE2-A299-EA497AD05C98_1_201_a-768x768.jpeg 768w\" sizes=\"auto, (max-width: 781px) 100vw, 781px\" \/><\/figure>\n\n\n\n<figure class=\"wp-block-image size-full\"><img loading=\"lazy\" decoding=\"async\" width=\"1024\" height=\"768\" data-id=\"20\" src=\"https:\/\/garten-am-ebenberg.de\/wp-content\/uploads\/2021\/10\/9AC4FB33-06E0-4793-BD66-AEC94DCA4741_1_105_c.jpeg\" alt=\"\" class=\"wp-image-20\" srcset=\"https:\/\/garten-am-ebenberg.de\/wp-content\/uploads\/2021\/10\/9AC4FB33-06E0-4793-BD66-AEC94DCA4741_1_105_c.jpeg 1024w, https:\/\/garten-am-ebenberg.de\/wp-content\/uploads\/2021\/10\/9AC4FB33-06E0-4793-BD66-AEC94DCA4741_1_105_c-300x225.jpeg 300w, https:\/\/garten-am-ebenberg.de\/wp-content\/uploads\/2021\/10\/9AC4FB33-06E0-4793-BD66-AEC94DCA4741_1_105_c-768x576.jpeg 768w\" sizes=\"auto, (max-width: 1024px) 100vw, 1024px\" \/><\/figure>\n<\/figure>\n\n\n\n<p>Wir interagieren mit der \u00d6ffentlichkeit vor allem \u00fcber unsere Facebook-Seite &#8211; dort freuen wir uns \u00fcber Fans, Likes und Kommentare:<\/p>\n\n\n\n<p><a rel=\"noreferrer noopener\" href=\"https:\/\/de-de.facebook.com\/gartenamebenberg\/\" target=\"_blank\">https:\/\/de-de.facebook.com\/gartenamebenberg\/<\/a><\/p>\n\n\n\n<p>In unserer Anlage werden immer mal wieder G\u00e4rten frei. Wenn Ihr Lust auf&#8217;s G\u00e4rtnern habt und Teil unserer Gemeinschaft werden wollt, schreibt uns eine kurze E-Mail an<\/p>\n\n\n\n<p><a href=\"mailto:warteliste@garten-am-ebenberg.de\">warteliste@garten-am-ebenberg.de<\/a><\/p>\n\n\n\n<p>Wir freuen uns auf Euch!<\/p>\n","protected":false},"excerpt":{"rendered":"<p>Sch\u00f6n, dass Ihr uns gefunden habt! Unsere Gartenanlage wurde 2012 im Zuge der Landesgartenschau angelegt. Sie befindet sich auf dem Gel\u00e4nde der ehemaligen Gartenschau, am Rande der S\u00fcdstadt, nahe dem Naturschutzgebiet am Ebenberg. Wir sind Landessieger (2017) und Bundessieger (2018) in Gold &#8211; ein Spaziergang&nbsp;&hellip;<\/p>\n","protected":false},"author":1,"featured_media":0,"parent":0,"menu_order":0,"comment_status":"closed","ping_status":"open","template":"","meta":{"footnotes":""},"class_list":["post-4","page","type-page","status-publish","hentry"],"_links":{"self":[{"href":"https:\/\/garten-am-ebenberg.de\/index.php?rest_route=\/wp\/v2\/pages\/4","targetHints":{"allow":["GET"]}}],"collection":[{"href":"https:\/\/garten-am-ebenberg.de\/index.php?rest_route=\/wp\/v2\/pages"}],"about":[{"href":"https:\/\/garten-am-ebenberg.de\/index.php?rest_route=\/wp\/v2\/types\/page"}],"author":[{"embeddable":true,"href":"https:\/\/garten-am-ebenberg.de\/index.php?rest_route=\/wp\/v2\/users\/1"}],"replies":[{"embeddable":true,"href":"https:\/\/garten-am-ebenberg.de\/index.php?rest_route=%2Fwp%2Fv2%2Fcomments&post=4"}],"version-history":[{"count":9,"href":"https:\/\/garten-am-ebenberg.de\/index.php?rest_route=\/wp\/v2\/pages\/4\/revisions"}],"predecessor-version":[{"id":134,"href":"https:\/\/garten-am-ebenberg.de\/index.php?rest_route=\/wp\/v2\/pages\/4\/revisions\/134"}],"wp:attachment":[{"href":"https:\/\/garten-am-ebenberg.de\/index.php?rest_route=%2Fwp%2Fv2%2Fmedia&parent=4"}],"curies":[{"name":"wp","href":"https:\/\/api.w.org\/{rel}","templated":true}]}}