{"id":103,"date":"2021-10-09T11:15:10","date_gmt":"2021-10-09T11:15:10","guid":{"rendered":"https:\/\/garten-am-ebenberg.de\/?page_id=103"},"modified":"2023-08-19T09:00:03","modified_gmt":"2023-08-19T09:00:03","slug":"impressum","status":"publish","type":"page","link":"https:\/\/garten-am-ebenberg.de\/?page_id=103","title":{"rendered":"Impressum"},"content":{"rendered":"\n<p><strong>Kleingartenverein am Ebenberg e.V.<\/strong><br>Eutzinger Stra\u00dfe 40<br>76829 Landau in der Pfalz<\/p>\n\n\n\n<p><strong>E-Mail<\/strong>: info@garten-am-ebenberg.de (Anfragen f\u00fcr freie G\u00e4rten nur an warteliste@garten-am-ebenberg.de)<\/p>\n\n\n\n<p><strong>Gemeinschaftlich vertretungsbefugt:<br>1. Vorsitzende: <\/strong>Heidemarie Komor<br><strong>2. Vorsitzender: <\/strong>Maximilian Arnold<\/p>\n\n\n\n<p><strong>Das Impressum gilt f\u00fcr:&nbsp;<\/strong><a href=\"https:\/\/garten-am-ebenberg.de\/\" target=\"_blank\" rel=\"noreferrer noopener\">https:\/\/garten-am-ebenberg.de\/<\/a><\/p>\n\n\n\n<p><strong>Registergericht<\/strong>: Amtsgericht Landau in der Pfalz<br><strong>Registernummer<\/strong>: VR 30386<\/p>\n\n\n\n<p><strong>Umsatzsteuer-Identifikationsnummer gem. \u00a7 27 a Umsatzsteuergesetz<\/strong>: DE 148 929 480<\/p>\n\n\n\n<p><strong>Wirtschaftsidentifikationsnummer gem. \u00a7 139 c Abgabenordnung<\/strong>: noch nicht vergeben<\/p>\n\n\n\n<p><strong>Verantwortliche i.S.d. \u00a7 55 Abs. 2 RStV<\/strong>: Heidemarie Komor<\/p>\n\n\n\n<p>Link auf die Plattform der EU-Kommission zur Online-Streitbeilegung:&nbsp;<a href=\"https:\/\/ec.europa.eu\/consumers\/odr\" target=\"_blank\" rel=\"noreferrer noopener\">https:\/\/ec.europa.eu\/consumers\/odr<\/a><\/p>\n\n\n\n<p>Zur Teilnahme an einem Streitbeilegungsverfahren vor einer Verbraucherschlichtungsstelle sind wir nicht verpflichtet und grunds\u00e4tzlich nicht bereit.<\/p>\n\n\n\n<p>Weitere Informationen unter:&nbsp;<a href=\"https:\/\/www.abmahnung.de\/os-plattform\/\">www.abmahnung.de\/os-plattform\/<\/a><\/p>\n","protected":false},"excerpt":{"rendered":"<p>Kleingartenverein am Ebenberg e.V.Eutzinger Stra\u00dfe 4076829 Landau in der Pfalz E-Mail: info@garten-am-ebenberg.de (Anfragen f\u00fcr freie G\u00e4rten nur an warteliste@garten-am-ebenberg.de) Gemeinschaftlich vertretungsbefugt:1. Vorsitzende: Heidemarie Komor2. Vorsitzender: Maximilian Arnold Das Impressum gilt f\u00fcr:&nbsp;https:\/\/garten-am-ebenberg.de\/ Registergericht: Amtsgericht Landau in der PfalzRegisternummer: VR 30386 Umsatzsteuer-Identifikationsnummer gem. \u00a7 27 a Umsatzsteuergesetz:&nbsp;&hellip;<\/p>\n","protected":false},"author":1,"featured_media":0,"parent":0,"menu_order":0,"comment_status":"closed","ping_status":"closed","template":"","meta":{"footnotes":""},"class_list":["post-103","page","type-page","status-publish","hentry"],"_links":{"self":[{"href":"https:\/\/garten-am-ebenberg.de\/index.php?rest_route=\/wp\/v2\/pages\/103","targetHints":{"allow":["GET"]}}],"collection":[{"href":"https:\/\/garten-am-ebenberg.de\/index.php?rest_route=\/wp\/v2\/pages"}],"about":[{"href":"https:\/\/garten-am-ebenberg.de\/index.php?rest_route=\/wp\/v2\/types\/page"}],"author":[{"embeddable":true,"href":"https:\/\/garten-am-ebenberg.de\/index.php?rest_route=\/wp\/v2\/users\/1"}],"replies":[{"embeddable":true,"href":"https:\/\/garten-am-ebenberg.de\/index.php?rest_route=%2Fwp%2Fv2%2Fcomments&post=103"}],"version-history":[{"count":5,"href":"https:\/\/garten-am-ebenberg.de\/index.php?rest_route=\/wp\/v2\/pages\/103\/revisions"}],"predecessor-version":[{"id":137,"href":"https:\/\/garten-am-ebenberg.de\/index.php?rest_route=\/wp\/v2\/pages\/103\/revisions\/137"}],"wp:attachment":[{"href":"https:\/\/garten-am-ebenberg.de\/index.php?rest_route=%2Fwp%2Fv2%2Fmedia&parent=103"}],"curies":[{"name":"wp","href":"https:\/\/api.w.org\/{rel}","templated":true}]}}